{"id":101,"date":"2024-05-21T12:33:17","date_gmt":"2024-05-21T09:33:17","guid":{"rendered":"https:\/\/www.kadirliadliyetaksi.com\/?page_id=101"},"modified":"2024-05-21T12:37:16","modified_gmt":"2024-05-21T09:37:16","slug":"kadirli-adliye-taksi-iletisim","status":"publish","type":"page","link":"https:\/\/www.kadirliadliyetaksi.com\/index.php\/kadirli-adliye-taksi-iletisim\/","title":{"rendered":"Kadirli Adliye Taksi \u0130leti\u015fim"},"content":{"rendered":"\n<p><strong>\u015eehit Kansu K\u00fc\u00e7\u00fck Ate\u015f Mahallesi 1803 sokak no : 4 Kadirli \/ Osmaniye<\/strong><br><br><\/p>\n\n\n\n<p><strong>Telefon numaras\u0131<br><a href=\"http:\/\/+905461558111\">(+90) 546 155 8111<\/a><\/strong><\/p>\n\n\n\n<p><strong>E-Mail &amp; E-Posta  (G\u00f6r\u00fc\u015f ve \u00d6nerinizi De\u011ferlendiriyoruz)<\/strong><br><a href=\"mailto:admin@kadirliadliyetaksi.com\">admin@kadirliadliyetaksi.com<\/a><br><\/p>\n\n\n\t\t<div\n            id=\"wpmapblock_2dc9ac83\"\n            data-settings='{&quot;map_marker&quot;:[{&quot;lat&quot;:&quot;37.371951998666&quot;,&quot;lng&quot;:&quot;36.069703102112&quot;,&quot;title&quot;:&quot;Kadirli Adliye Taksi&quot;,&quot;content&quot;:&quot;Kadirli Adliye Taksi&quot;,&quot;iconType&quot;:&quot;custom&quot;,&quot;customIconUrl&quot;:&quot;https:\\\/\\\/www.kadirliadliyetaksi.com\\\/wp-content\\\/uploads\\\/2024\\\/05\\\/Taxi_Icon.png&quot;,&quot;customIconWidth&quot;:&quot;25&quot;,&quot;customIconHeight&quot;:&quot;65&quot;}],&quot;map_zoom&quot;:&quot;14&quot;,&quot;scroll_wheel_zoom&quot;:&quot;1&quot;,&quot;map_type&quot;:&quot;GM&quot;,&quot;center_index&quot;:0}'\n            class=\"wpmapblockrender\"\n            style=\"\n\t\t\twidth: 100%;\n\t\t\theight: 500px;\n\t\t\"\n            >\n        <\/div>\n        ","protected":false},"excerpt":{"rendered":"<p>\u015eehit Kansu K\u00fc\u00e7\u00fck Ate\u015f Mahallesi 1803 sokak no : 4 Kadirli \/ Osmaniye Telefon numaras\u0131(+90) 546 155 8111 E-Mail &amp; E-Posta (G\u00f6r\u00fc\u015f ve \u00d6nerinizi De\u011ferlendiriyoruz)admin@kadirliadliyetaksi.com<\/p>\n","protected":false},"author":1,"featured_media":0,"parent":0,"menu_order":0,"comment_status":"closed","ping_status":"closed","template":"","meta":{"footnotes":""},"_links":{"self":[{"href":"https:\/\/www.kadirliadliyetaksi.com\/index.php\/wp-json\/wp\/v2\/pages\/101"}],"collection":[{"href":"https:\/\/www.kadirliadliyetaksi.com\/index.php\/wp-json\/wp\/v2\/pages"}],"about":[{"href":"https:\/\/www.kadirliadliyetaksi.com\/index.php\/wp-json\/wp\/v2\/types\/page"}],"author":[{"embeddable":true,"href":"https:\/\/www.kadirliadliyetaksi.com\/index.php\/wp-json\/wp\/v2\/users\/1"}],"replies":[{"embeddable":true,"href":"https:\/\/www.kadirliadliyetaksi.com\/index.php\/wp-json\/wp\/v2\/comments?post=101"}],"version-history":[{"count":3,"href":"https:\/\/www.kadirliadliyetaksi.com\/index.php\/wp-json\/wp\/v2\/pages\/101\/revisions"}],"predecessor-version":[{"id":105,"href":"https:\/\/www.kadirliadliyetaksi.com\/index.php\/wp-json\/wp\/v2\/pages\/101\/revisions\/105"}],"wp:attachment":[{"href":"https:\/\/www.kadirliadliyetaksi.com\/index.php\/wp-json\/wp\/v2\/media?parent=101"}],"curies":[{"name":"wp","href":"https:\/\/api.w.org\/{rel}","templated":true}]}}