{"id":47,"date":"2024-05-16T22:23:33","date_gmt":"2024-05-16T19:23:33","guid":{"rendered":"https:\/\/www.kadirliadliyetaksi.com\/?page_id=47"},"modified":"2024-05-21T12:50:18","modified_gmt":"2024-05-21T09:50:18","slug":"kadirli-adliye-taksi-duragi","status":"publish","type":"page","link":"https:\/\/www.kadirliadliyetaksi.com\/","title":{"rendered":"Kadirli Adliye Taksi Dura\u011f\u0131"},"content":{"rendered":"\n<p class=\"has-text-align-center\"><strong>Kadirli Adliye Taksi Dura\u011f\u0131<\/strong><\/p>\n\n\n\n<p class=\"has-text-align-center\"><strong>Yolculu\u011funuzda Bizimle G\u00fcvendesiniz  Her An\u0131n\u0131z\u0131 Konforla Ya\u015fay\u0131n H\u0131zl\u0131 ve G\u00fcvenilir Yol Arkada\u015f\u0131n\u0131z Yolculu\u011funuzda Konfor ve G\u00fcven Garantisi \u015eehri Ke\u015ffetmek \u0130\u00e7in Bize B\u0131rak\u0131n Yolculu\u011funuzda G\u00fcvenli Ellerde Olun Zaman\u0131n\u0131z\u0131 En \u0130yi \u015eekilde De\u011ferlendirin G\u00fcvenle Gidece\u011finiz Her Yere Bizimle Ula\u015f\u0131n Konforun ve H\u0131z\u0131n Adresi<\/strong><\/p>\n\n\n\n<p class=\"has-text-align-center\"><strong>Kadirli Adliye Taksi Dura\u011f\u0131  <\/strong> <br><strong><br>Kadirli Taksi  Adliye  Kadirli Adliye Taksi <\/strong><\/p>\n\n\n\n<p class=\"has-text-align-center\"><strong>\u0130leti\u015fim Bilgilerimiz   <\/strong><\/p>\n\n\n\n<p class=\"has-text-align-center\"><br><a href=\"tel:+905123456789\">Telefon Numaram\u0131z<\/a><\/p>\n\n\n\n<p class=\"has-text-align-center\"><a href=\"tel:+905461558111\">+90 (546) 155 8111<\/a><\/p>\n\n\n\n<p class=\"has-text-align-center\"><strong>E-Mail  &amp;  E-Posta Adresimiz  <\/strong><\/p>\n\n\n\n<p class=\"has-text-align-center\">admin@kadirliadliyetaksi.com<\/p>\n\n\n\n<p class=\"has-text-align-center\"><strong>Konum &amp; Adresimiz <\/strong><br>\u015eehit Kansu K\u00fc\u00e7\u00fck Ate\u015f mahallesi 1803 sokak numara : 4   Kadirli  \/ Osmaniye<\/p>\n\n\n\n<figure class=\"wp-block-video\"><video autoplay controls muted poster=\"https:\/\/www.kadirliadliyetaksi.com\/wp-content\/uploads\/2024\/05\/WhatsApp-Image-2024-05-09-at-16.41.08-1.jpeg\" preload=\"auto\" src=\"https:\/\/www.kadirliadliyetaksi.com\/wp-content\/uploads\/2024\/05\/clideo_editor_3fb73ed320414781a1c6b30bf343041d.mp4\" playsinline><\/video><\/figure>\n","protected":false},"excerpt":{"rendered":"<p>Kadirli Adliye Taksi Dura\u011f\u0131 Yolculu\u011funuzda Bizimle G\u00fcvendesiniz Her An\u0131n\u0131z\u0131 Konforla Ya\u015fay\u0131n H\u0131zl\u0131 ve G\u00fcvenilir Yol Arkada\u015f\u0131n\u0131z Yolculu\u011funuzda Konfor ve G\u00fcven Garantisi \u015eehri Ke\u015ffetmek \u0130\u00e7in Bize B\u0131rak\u0131n Yolculu\u011funuzda G\u00fcvenli Ellerde Olun Zaman\u0131n\u0131z\u0131 En \u0130yi \u015eekilde De\u011ferlendirin G\u00fcvenle Gidece\u011finiz Her Yere Bizimle Ula\u015f\u0131n Konforun ve H\u0131z\u0131n Adresi Kadirli Adliye Taksi Dura\u011f\u0131 Kadirli Taksi Adliye Kadirli Adliye Taksi [&hellip;]<\/p>\n","protected":false},"author":1,"featured_media":0,"parent":0,"menu_order":0,"comment_status":"closed","ping_status":"closed","template":"","meta":{"footnotes":""},"_links":{"self":[{"href":"https:\/\/www.kadirliadliyetaksi.com\/index.php\/wp-json\/wp\/v2\/pages\/47"}],"collection":[{"href":"https:\/\/www.kadirliadliyetaksi.com\/index.php\/wp-json\/wp\/v2\/pages"}],"about":[{"href":"https:\/\/www.kadirliadliyetaksi.com\/index.php\/wp-json\/wp\/v2\/types\/page"}],"author":[{"embeddable":true,"href":"https:\/\/www.kadirliadliyetaksi.com\/index.php\/wp-json\/wp\/v2\/users\/1"}],"replies":[{"embeddable":true,"href":"https:\/\/www.kadirliadliyetaksi.com\/index.php\/wp-json\/wp\/v2\/comments?post=47"}],"version-history":[{"count":7,"href":"https:\/\/www.kadirliadliyetaksi.com\/index.php\/wp-json\/wp\/v2\/pages\/47\/revisions"}],"predecessor-version":[{"id":122,"href":"https:\/\/www.kadirliadliyetaksi.com\/index.php\/wp-json\/wp\/v2\/pages\/47\/revisions\/122"}],"wp:attachment":[{"href":"https:\/\/www.kadirliadliyetaksi.com\/index.php\/wp-json\/wp\/v2\/media?parent=47"}],"curies":[{"name":"wp","href":"https:\/\/api.w.org\/{rel}","templated":true}]}}