{"id":58,"date":"2024-05-17T14:23:22","date_gmt":"2024-05-17T11:23:22","guid":{"rendered":"https:\/\/www.kadirliadliyetaksi.com\/?page_id=58"},"modified":"2024-05-21T12:40:03","modified_gmt":"2024-05-21T09:40:03","slug":"galeri","status":"publish","type":"page","link":"https:\/\/www.kadirliadliyetaksi.com\/index.php\/galeri\/","title":{"rendered":"Kadirli Adliye Taksi Galeri"},"content":{"rendered":"\n<p><\/p>\n\n\n\n<div class=\"wp-block-media-text is-stacked-on-mobile\"><figure class=\"wp-block-media-text__media\"><img loading=\"lazy\" decoding=\"async\" width=\"1024\" height=\"768\" src=\"https:\/\/www.kadirliadliyetaksi.com\/wp-content\/uploads\/2024\/05\/WhatsApp-Image-2024-05-09-at-16.40.57-1024x768.jpeg\" alt=\"\" class=\"wp-image-70 size-full\" srcset=\"https:\/\/www.kadirliadliyetaksi.com\/wp-content\/uploads\/2024\/05\/WhatsApp-Image-2024-05-09-at-16.40.57-1024x768.jpeg 1024w, https:\/\/www.kadirliadliyetaksi.com\/wp-content\/uploads\/2024\/05\/WhatsApp-Image-2024-05-09-at-16.40.57-300x225.jpeg 300w, https:\/\/www.kadirliadliyetaksi.com\/wp-content\/uploads\/2024\/05\/WhatsApp-Image-2024-05-09-at-16.40.57-768x576.jpeg 768w, https:\/\/www.kadirliadliyetaksi.com\/wp-content\/uploads\/2024\/05\/WhatsApp-Image-2024-05-09-at-16.40.57-1536x1152.jpeg 1536w, https:\/\/www.kadirliadliyetaksi.com\/wp-content\/uploads\/2024\/05\/WhatsApp-Image-2024-05-09-at-16.40.57.jpeg 1600w\" sizes=\"(max-width: 1024px) 100vw, 1024px\" \/><\/figure><div class=\"wp-block-media-text__content\">\n<p class=\"has-text-align-center\"><strong>Kadirli Adliye Taksi  Dura\u011f\u0131 <\/strong><br><br>\u015eehrinizin Taksi \u0130htiyac\u0131n\u0131 Kar\u015f\u0131layan G\u00fcvenilir Taksi \u015eehir ya\u015fam\u0131nda, h\u0131zl\u0131 ve g\u00fcvenilir bir taksi hizmetine olan ihtiya\u00e7 ka\u00e7\u0131n\u0131lmazd\u0131r. \u0130\u015fte tam da bu noktada, Kadirli Adliye Taksi \u015eehrimizin d\u00f6rt bir yan\u0131nda sa\u011flad\u0131\u011f\u0131 hizmetlerle, g\u00fcvenilir, konforlu ve eri\u015filebilir bir taksi deneyimi sunuyor.<\/p>\n\n\n\n<p><\/p>\n\n\n\n<p><\/p>\n\n\n\n<p><\/p>\n<\/div><\/div>\n\n\n<div class=\"wp-block-image\">\n<figure class=\"aligncenter size-large\"><img loading=\"lazy\" decoding=\"async\" width=\"1024\" height=\"768\" src=\"https:\/\/www.kadirliadliyetaksi.com\/wp-content\/uploads\/2024\/05\/WhatsApp-Image-2024-05-09-at-16.41.07-1024x768.jpeg\" alt=\"\" class=\"wp-image-65\" srcset=\"https:\/\/www.kadirliadliyetaksi.com\/wp-content\/uploads\/2024\/05\/WhatsApp-Image-2024-05-09-at-16.41.07-1024x768.jpeg 1024w, https:\/\/www.kadirliadliyetaksi.com\/wp-content\/uploads\/2024\/05\/WhatsApp-Image-2024-05-09-at-16.41.07-300x225.jpeg 300w, https:\/\/www.kadirliadliyetaksi.com\/wp-content\/uploads\/2024\/05\/WhatsApp-Image-2024-05-09-at-16.41.07-768x576.jpeg 768w, https:\/\/www.kadirliadliyetaksi.com\/wp-content\/uploads\/2024\/05\/WhatsApp-Image-2024-05-09-at-16.41.07-1536x1152.jpeg 1536w, https:\/\/www.kadirliadliyetaksi.com\/wp-content\/uploads\/2024\/05\/WhatsApp-Image-2024-05-09-at-16.41.07.jpeg 1600w\" sizes=\"(max-width: 1024px) 100vw, 1024px\" \/><\/figure><\/div>\n\n\n<figure class=\"wp-block-gallery has-nested-images columns-default is-cropped wp-block-gallery-1 is-layout-flex wp-block-gallery-is-layout-flex\">\n<figure class=\"wp-block-image size-large\"><img loading=\"lazy\" decoding=\"async\" width=\"1024\" height=\"768\" data-id=\"61\" src=\"https:\/\/www.kadirliadliyetaksi.com\/wp-content\/uploads\/2024\/05\/WhatsApp-Image-2024-05-09-at-16.41.09-1-1024x768.jpeg\" alt=\"\" class=\"wp-image-61\" srcset=\"https:\/\/www.kadirliadliyetaksi.com\/wp-content\/uploads\/2024\/05\/WhatsApp-Image-2024-05-09-at-16.41.09-1-1024x768.jpeg 1024w, https:\/\/www.kadirliadliyetaksi.com\/wp-content\/uploads\/2024\/05\/WhatsApp-Image-2024-05-09-at-16.41.09-1-300x225.jpeg 300w, https:\/\/www.kadirliadliyetaksi.com\/wp-content\/uploads\/2024\/05\/WhatsApp-Image-2024-05-09-at-16.41.09-1-768x576.jpeg 768w, https:\/\/www.kadirliadliyetaksi.com\/wp-content\/uploads\/2024\/05\/WhatsApp-Image-2024-05-09-at-16.41.09-1-1536x1152.jpeg 1536w, https:\/\/www.kadirliadliyetaksi.com\/wp-content\/uploads\/2024\/05\/WhatsApp-Image-2024-05-09-at-16.41.09-1.jpeg 2048w\" sizes=\"(max-width: 1024px) 100vw, 1024px\" \/><\/figure>\n\n\n\n<figure class=\"wp-block-image size-large\"><img loading=\"lazy\" decoding=\"async\" width=\"1024\" height=\"768\" data-id=\"63\" src=\"https:\/\/www.kadirliadliyetaksi.com\/wp-content\/uploads\/2024\/05\/WhatsApp-Image-2024-05-09-at-16.41.08-1-1024x768.jpeg\" alt=\"\" class=\"wp-image-63\" srcset=\"https:\/\/www.kadirliadliyetaksi.com\/wp-content\/uploads\/2024\/05\/WhatsApp-Image-2024-05-09-at-16.41.08-1-1024x768.jpeg 1024w, https:\/\/www.kadirliadliyetaksi.com\/wp-content\/uploads\/2024\/05\/WhatsApp-Image-2024-05-09-at-16.41.08-1-300x225.jpeg 300w, https:\/\/www.kadirliadliyetaksi.com\/wp-content\/uploads\/2024\/05\/WhatsApp-Image-2024-05-09-at-16.41.08-1-768x576.jpeg 768w, https:\/\/www.kadirliadliyetaksi.com\/wp-content\/uploads\/2024\/05\/WhatsApp-Image-2024-05-09-at-16.41.08-1-1536x1152.jpeg 1536w, https:\/\/www.kadirliadliyetaksi.com\/wp-content\/uploads\/2024\/05\/WhatsApp-Image-2024-05-09-at-16.41.08-1.jpeg 1600w\" sizes=\"(max-width: 1024px) 100vw, 1024px\" \/><\/figure>\n\n\n\n<figure class=\"wp-block-image size-large\"><img loading=\"lazy\" decoding=\"async\" width=\"1024\" height=\"768\" data-id=\"64\" src=\"https:\/\/www.kadirliadliyetaksi.com\/wp-content\/uploads\/2024\/05\/WhatsApp-Image-2024-05-09-at-16.41.08-1024x768.jpeg\" alt=\"\" class=\"wp-image-64\" srcset=\"https:\/\/www.kadirliadliyetaksi.com\/wp-content\/uploads\/2024\/05\/WhatsApp-Image-2024-05-09-at-16.41.08-1024x768.jpeg 1024w, https:\/\/www.kadirliadliyetaksi.com\/wp-content\/uploads\/2024\/05\/WhatsApp-Image-2024-05-09-at-16.41.08-300x225.jpeg 300w, https:\/\/www.kadirliadliyetaksi.com\/wp-content\/uploads\/2024\/05\/WhatsApp-Image-2024-05-09-at-16.41.08-768x576.jpeg 768w, https:\/\/www.kadirliadliyetaksi.com\/wp-content\/uploads\/2024\/05\/WhatsApp-Image-2024-05-09-at-16.41.08-1536x1152.jpeg 1536w, https:\/\/www.kadirliadliyetaksi.com\/wp-content\/uploads\/2024\/05\/WhatsApp-Image-2024-05-09-at-16.41.08.jpeg 1600w\" sizes=\"(max-width: 1024px) 100vw, 1024px\" \/><\/figure>\n\n\n\n<figure class=\"wp-block-image size-large\"><img loading=\"lazy\" decoding=\"async\" width=\"1024\" height=\"768\" data-id=\"72\" src=\"https:\/\/www.kadirliadliyetaksi.com\/wp-content\/uploads\/2024\/05\/WhatsApp-Image-2024-05-09-at-16.40.54-2-1024x768.jpeg\" alt=\"\" class=\"wp-image-72\" srcset=\"https:\/\/www.kadirliadliyetaksi.com\/wp-content\/uploads\/2024\/05\/WhatsApp-Image-2024-05-09-at-16.40.54-2-1024x768.jpeg 1024w, https:\/\/www.kadirliadliyetaksi.com\/wp-content\/uploads\/2024\/05\/WhatsApp-Image-2024-05-09-at-16.40.54-2-300x225.jpeg 300w, https:\/\/www.kadirliadliyetaksi.com\/wp-content\/uploads\/2024\/05\/WhatsApp-Image-2024-05-09-at-16.40.54-2-768x576.jpeg 768w, https:\/\/www.kadirliadliyetaksi.com\/wp-content\/uploads\/2024\/05\/WhatsApp-Image-2024-05-09-at-16.40.54-2-1536x1152.jpeg 1536w, https:\/\/www.kadirliadliyetaksi.com\/wp-content\/uploads\/2024\/05\/WhatsApp-Image-2024-05-09-at-16.40.54-2.jpeg 2048w\" sizes=\"(max-width: 1024px) 100vw, 1024px\" \/><\/figure>\n<\/figure>\n","protected":false},"excerpt":{"rendered":"<p>Kadirli Adliye Taksi Dura\u011f\u0131 \u015eehrinizin Taksi \u0130htiyac\u0131n\u0131 Kar\u015f\u0131layan G\u00fcvenilir Taksi \u015eehir ya\u015fam\u0131nda, h\u0131zl\u0131 ve g\u00fcvenilir bir taksi hizmetine olan ihtiya\u00e7 ka\u00e7\u0131n\u0131lmazd\u0131r. \u0130\u015fte tam da bu noktada, Kadirli Adliye Taksi \u015eehrimizin d\u00f6rt bir yan\u0131nda sa\u011flad\u0131\u011f\u0131 hizmetlerle, g\u00fcvenilir, konforlu ve eri\u015filebilir bir taksi deneyimi sunuyor.<\/p>\n","protected":false},"author":1,"featured_media":70,"parent":0,"menu_order":0,"comment_status":"closed","ping_status":"closed","template":"elementor_theme","meta":{"footnotes":""},"_links":{"self":[{"href":"https:\/\/www.kadirliadliyetaksi.com\/index.php\/wp-json\/wp\/v2\/pages\/58"}],"collection":[{"href":"https:\/\/www.kadirliadliyetaksi.com\/index.php\/wp-json\/wp\/v2\/pages"}],"about":[{"href":"https:\/\/www.kadirliadliyetaksi.com\/index.php\/wp-json\/wp\/v2\/types\/page"}],"author":[{"embeddable":true,"href":"https:\/\/www.kadirliadliyetaksi.com\/index.php\/wp-json\/wp\/v2\/users\/1"}],"replies":[{"embeddable":true,"href":"https:\/\/www.kadirliadliyetaksi.com\/index.php\/wp-json\/wp\/v2\/comments?post=58"}],"version-history":[{"count":7,"href":"https:\/\/www.kadirliadliyetaksi.com\/index.php\/wp-json\/wp\/v2\/pages\/58\/revisions"}],"predecessor-version":[{"id":106,"href":"https:\/\/www.kadirliadliyetaksi.com\/index.php\/wp-json\/wp\/v2\/pages\/58\/revisions\/106"}],"wp:featuredmedia":[{"embeddable":true,"href":"https:\/\/www.kadirliadliyetaksi.com\/index.php\/wp-json\/wp\/v2\/media\/70"}],"wp:attachment":[{"href":"https:\/\/www.kadirliadliyetaksi.com\/index.php\/wp-json\/wp\/v2\/media?parent=58"}],"curies":[{"name":"wp","href":"https:\/\/api.w.org\/{rel}","templated":true}]}}